{"id":948,"date":"2021-07-16T19:37:17","date_gmt":"2021-07-16T17:37:17","guid":{"rendered":"http:\/\/anandena.fr\/?page_id=948"},"modified":"2024-03-07T11:16:57","modified_gmt":"2024-03-07T10:16:57","slug":"ch-dhotes","status":"publish","type":"page","link":"https:\/\/anandena.fr\/index.php\/ch-dhotes\/","title":{"rendered":"chambres d&#8217;h\u00f4tes et G\u00eete du Moulin Sainte Marie"},"content":{"rendered":"<div class=\"wp-block-image\">\n<figure class=\"aligncenter size-large is-resized\"><img loading=\"lazy\" decoding=\"async\" width=\"1024\" height=\"726\" src=\"http:\/\/anandena.fr\/wp-content\/uploads\/2023\/12\/carte-cadeau-chambres-dhotes-1024x726.jpg\" alt=\"\" class=\"wp-image-1875\" style=\"width:525px;height:auto\" srcset=\"https:\/\/anandena.fr\/wp-content\/uploads\/2023\/12\/carte-cadeau-chambres-dhotes-1024x726.jpg 1024w, https:\/\/anandena.fr\/wp-content\/uploads\/2023\/12\/carte-cadeau-chambres-dhotes-300x213.jpg 300w, https:\/\/anandena.fr\/wp-content\/uploads\/2023\/12\/carte-cadeau-chambres-dhotes-768x545.jpg 768w, https:\/\/anandena.fr\/wp-content\/uploads\/2023\/12\/carte-cadeau-chambres-dhotes-1536x1090.jpg 1536w, https:\/\/anandena.fr\/wp-content\/uploads\/2023\/12\/carte-cadeau-chambres-dhotes-830x589.jpg 830w, https:\/\/anandena.fr\/wp-content\/uploads\/2023\/12\/carte-cadeau-chambres-dhotes-230x163.jpg 230w, https:\/\/anandena.fr\/wp-content\/uploads\/2023\/12\/carte-cadeau-chambres-dhotes-350x248.jpg 350w, https:\/\/anandena.fr\/wp-content\/uploads\/2023\/12\/carte-cadeau-chambres-dhotes-480x341.jpg 480w, https:\/\/anandena.fr\/wp-content\/uploads\/2023\/12\/carte-cadeau-chambres-dhotes.jpg 1748w\" sizes=\"auto, (max-width: 1024px) 100vw, 1024px\" \/><\/figure>\n<\/div>\n<br>\n\n<p>D\u00e9sormais, vous pouvez retrouver toutes les informations sur les chambres d&#8217;h\u00f4tes et le G\u00eete sur le lien ci-dessous.<\/p>\n\n\n\n<a href=\"https:\/\/www.lemoulinsaintemarie.fr\" target=\"_blank\" rel=\"noopener\">www.lemoulinsaintemarie.fr<\/a>\n","protected":false},"excerpt":{"rendered":"<p>D\u00e9sormais, vous pouvez retrouver toutes les informations sur les chambres d&#8217;h\u00f4tes et le G\u00eete sur le lien ci-dessous. www.lemoulinsaintemarie.fr<\/p>\n","protected":false},"author":1,"featured_media":0,"parent":0,"menu_order":0,"comment_status":"closed","ping_status":"closed","template":"","meta":{"footnotes":""},"class_list":["post-948","page","type-page","status-publish","hentry"],"_links":{"self":[{"href":"https:\/\/anandena.fr\/index.php\/wp-json\/wp\/v2\/pages\/948","targetHints":{"allow":["GET"]}}],"collection":[{"href":"https:\/\/anandena.fr\/index.php\/wp-json\/wp\/v2\/pages"}],"about":[{"href":"https:\/\/anandena.fr\/index.php\/wp-json\/wp\/v2\/types\/page"}],"author":[{"embeddable":true,"href":"https:\/\/anandena.fr\/index.php\/wp-json\/wp\/v2\/users\/1"}],"replies":[{"embeddable":true,"href":"https:\/\/anandena.fr\/index.php\/wp-json\/wp\/v2\/comments?post=948"}],"version-history":[{"count":24,"href":"https:\/\/anandena.fr\/index.php\/wp-json\/wp\/v2\/pages\/948\/revisions"}],"predecessor-version":[{"id":1964,"href":"https:\/\/anandena.fr\/index.php\/wp-json\/wp\/v2\/pages\/948\/revisions\/1964"}],"wp:attachment":[{"href":"https:\/\/anandena.fr\/index.php\/wp-json\/wp\/v2\/media?parent=948"}],"curies":[{"name":"wp","href":"https:\/\/api.w.org\/{rel}","templated":true}]}}