{"id":343,"date":"2020-03-17T16:03:14","date_gmt":"2020-03-17T15:03:14","guid":{"rendered":"http:\/\/anandena.fr\/?page_id=343"},"modified":"2022-06-23T12:40:09","modified_gmt":"2022-06-23T10:40:09","slug":"cours-de-yoga-virtuels","status":"publish","type":"page","link":"https:\/\/anandena.fr\/index.php\/cours-de-yoga-virtuels\/","title":{"rendered":"cours virtuels"},"content":{"rendered":"\n<h6 class=\"wp-block-heading\">Si vous voulez faire une donation consciente \u00e0 Anandena pour les vid\u00e9os misent \u00e0 disposition gratuitement sur YouTube, cliquez ci-dessous<\/h6>\n\n\n<form action=\"https:\/\/www.paypal.com\/donate\" method=\"post\" target=\"_top\">\n<input type=\"hidden\" name=\"hosted_button_id\" value=\"9CRJ5KEFVCHRC\"><br \/>\n<input type=\"image\" src=\"https:\/\/www.paypalobjects.com\/fr_FR\/FR\/i\/btn\/btn_donateCC_LG.gif\" border=\"0\" name=\"submit\" title=\"PayPal - The safer, easier way to pay online!\" alt=\"Donate with PayPal button\"><br \/>\n<img loading=\"lazy\" decoding=\"async\" alt=\"\" border=\"0\" src=\"https:\/\/www.paypal.com\/fr_FR\/i\/scr\/pixel.gif\" width=\"1\" height=\"1\"><br \/>\n<\/form>\n\n\n\n<p>Vous pouvez retrouver toutes les vid\u00e9os et audios des cours Anandena en cliquant sur le lien vers la chaine Youtube de Anandena<\/p>\n\n\n\n<p><a href=\"https:\/\/www.youtube.com\/channel\/UCpcddSkcoEzeSX5v4zYVmGA\">https:\/\/www.youtube.com\/channel\/UCpcddSkcoEzeSX5v4zYVmGA<\/a><\/p>\n","protected":false},"excerpt":{"rendered":"<p>Si vous voulez faire une donation consciente \u00e0 Anandena pour les vid\u00e9os misent \u00e0 disposition gratuitement sur YouTube, cliquez ci-dessous Vous pouvez retrouver toutes les vid\u00e9os et audios des cours Anandena en cliquant sur le lien vers la chaine Youtube de Anandena https:\/\/www.youtube.com\/channel\/UCpcddSkcoEzeSX5v4zYVmGA<\/p>\n","protected":false},"author":1,"featured_media":0,"parent":0,"menu_order":0,"comment_status":"closed","ping_status":"closed","template":"","meta":{"footnotes":""},"class_list":["post-343","page","type-page","status-publish","hentry"],"_links":{"self":[{"href":"https:\/\/anandena.fr\/index.php\/wp-json\/wp\/v2\/pages\/343","targetHints":{"allow":["GET"]}}],"collection":[{"href":"https:\/\/anandena.fr\/index.php\/wp-json\/wp\/v2\/pages"}],"about":[{"href":"https:\/\/anandena.fr\/index.php\/wp-json\/wp\/v2\/types\/page"}],"author":[{"embeddable":true,"href":"https:\/\/anandena.fr\/index.php\/wp-json\/wp\/v2\/users\/1"}],"replies":[{"embeddable":true,"href":"https:\/\/anandena.fr\/index.php\/wp-json\/wp\/v2\/comments?post=343"}],"version-history":[{"count":125,"href":"https:\/\/anandena.fr\/index.php\/wp-json\/wp\/v2\/pages\/343\/revisions"}],"predecessor-version":[{"id":1370,"href":"https:\/\/anandena.fr\/index.php\/wp-json\/wp\/v2\/pages\/343\/revisions\/1370"}],"wp:attachment":[{"href":"https:\/\/anandena.fr\/index.php\/wp-json\/wp\/v2\/media?parent=343"}],"curies":[{"name":"wp","href":"https:\/\/api.w.org\/{rel}","templated":true}]}}