{"id":11,"date":"2019-04-02T00:47:59","date_gmt":"2019-04-01T22:47:59","guid":{"rendered":"http:\/\/anandena.fr\/?page_id=11"},"modified":"2026-05-01T08:35:18","modified_gmt":"2026-05-01T06:35:18","slug":"accueil","status":"publish","type":"page","link":"https:\/\/anandena.fr\/","title":{"rendered":"Accueil"},"content":{"rendered":"\n<h1 class=\"wp-block-heading has-text-align-center\">ANANDENA <\/h1>\n\n\n\n<h2 class=\"wp-block-heading has-text-align-center\"><strong>L&#8217;exp\u00e9rience du Yoga pour tous &#8230;<\/strong><\/h2>\n\n\n\n<h4 class=\"wp-block-heading has-text-align-center has-vivid-red-color has-pale-cyan-blue-background-color has-text-color has-background has-link-color wp-elements-f5f2ea19853bda0be2fd04d2829022ad\"><strong>le studio sera ferm\u00e9 durant les jours f\u00e9ri\u00e9s de mai, \u00e0 moins que vous ayez envie d&#8217;une cours priv\u00e9 &#8211; n&#8217;h\u00e9sitez pas \u00e0 me contacter.<\/strong><\/h4>\n\n\n\n<p><\/p>\n\n\n<h3 style=\"text-align: center;\"><strong>Bienvenue sur Anandena, prenez le temps de naviguer sur les pages, et partez \u00e0 la d\u00e9couverte du style de yoga qui vous conviendrait le mieux.\u00a0<\/strong><\/h3>\n\n<div class=\"wp-block-image\">\n<figure class=\"aligncenter size-full is-resized\"><img loading=\"lazy\" decoding=\"async\" width=\"984\" height=\"994\" src=\"https:\/\/anandena.fr\/wp-content\/uploads\/2025\/08\/photo-site-anandena.jpg\" alt=\"\" class=\"wp-image-2256\" style=\"width:596px;height:596px\" srcset=\"https:\/\/anandena.fr\/wp-content\/uploads\/2025\/08\/photo-site-anandena.jpg 984w, https:\/\/anandena.fr\/wp-content\/uploads\/2025\/08\/photo-site-anandena-297x300.jpg 297w, https:\/\/anandena.fr\/wp-content\/uploads\/2025\/08\/photo-site-anandena-768x776.jpg 768w, https:\/\/anandena.fr\/wp-content\/uploads\/2025\/08\/photo-site-anandena-830x838.jpg 830w, https:\/\/anandena.fr\/wp-content\/uploads\/2025\/08\/photo-site-anandena-230x232.jpg 230w, https:\/\/anandena.fr\/wp-content\/uploads\/2025\/08\/photo-site-anandena-350x354.jpg 350w, https:\/\/anandena.fr\/wp-content\/uploads\/2025\/08\/photo-site-anandena-480x485.jpg 480w\" sizes=\"auto, (max-width: 984px) 100vw, 984px\" \/><figcaption class=\"wp-element-caption\">Screenshot<\/figcaption><\/figure>\n<\/div>\n\n\n<p>Anandena est au Moulin Ste Marie qui se situe dans le petit village de Estr\u00e9e-Wamin, entour\u00e9 de multiples petits villages, et de deux villages plus importants qui se situent \u00e0 plus ou moins 10 et 20 minutes en voiture (Avesnes-le-Comte et Saint-Pol-sur-Ternoise); \u00e0 30 minutes de route se situe Arras, \u00e0 55 minutes se situe Amiens, et \u00e0 1h15 se situe Lille. Arras a une gare TGV, reliant Paris \u00e0 Bruxelles, en passant par Lille.<\/p>\n\n\n\n<figure class=\"wp-block-gallery has-nested-images columns-default is-cropped wp-block-gallery-1 is-layout-flex wp-block-gallery-is-layout-flex\">\n<figure class=\"wp-block-image size-large\"><img loading=\"lazy\" decoding=\"async\" width=\"1024\" height=\"768\" data-id=\"1972\" src=\"http:\/\/anandena.fr\/wp-content\/uploads\/2024\/03\/vue-densemble-moulin-ste-marie-1024x768.png\" alt=\"\" class=\"wp-image-1972\" srcset=\"https:\/\/anandena.fr\/wp-content\/uploads\/2024\/03\/vue-densemble-moulin-ste-marie-1024x768.png 1024w, https:\/\/anandena.fr\/wp-content\/uploads\/2024\/03\/vue-densemble-moulin-ste-marie-300x225.png 300w, https:\/\/anandena.fr\/wp-content\/uploads\/2024\/03\/vue-densemble-moulin-ste-marie-768x576.png 768w, https:\/\/anandena.fr\/wp-content\/uploads\/2024\/03\/vue-densemble-moulin-ste-marie-1536x1152.png 1536w, https:\/\/anandena.fr\/wp-content\/uploads\/2024\/03\/vue-densemble-moulin-ste-marie-2048x1536.png 2048w, https:\/\/anandena.fr\/wp-content\/uploads\/2024\/03\/vue-densemble-moulin-ste-marie-830x623.png 830w, https:\/\/anandena.fr\/wp-content\/uploads\/2024\/03\/vue-densemble-moulin-ste-marie-230x173.png 230w, https:\/\/anandena.fr\/wp-content\/uploads\/2024\/03\/vue-densemble-moulin-ste-marie-350x263.png 350w, https:\/\/anandena.fr\/wp-content\/uploads\/2024\/03\/vue-densemble-moulin-ste-marie-480x360.png 480w\" sizes=\"auto, (max-width: 1024px) 100vw, 1024px\" \/><\/figure>\n\n\n\n<figure class=\"wp-block-image size-large\"><img loading=\"lazy\" decoding=\"async\" width=\"1024\" height=\"684\" data-id=\"1968\" src=\"http:\/\/anandena.fr\/wp-content\/uploads\/2024\/03\/terrace-de-yoga.jpg\" alt=\"\" class=\"wp-image-1968\" srcset=\"https:\/\/anandena.fr\/wp-content\/uploads\/2024\/03\/terrace-de-yoga.jpg 1024w, https:\/\/anandena.fr\/wp-content\/uploads\/2024\/03\/terrace-de-yoga-300x200.jpg 300w, https:\/\/anandena.fr\/wp-content\/uploads\/2024\/03\/terrace-de-yoga-768x513.jpg 768w, https:\/\/anandena.fr\/wp-content\/uploads\/2024\/03\/terrace-de-yoga-830x554.jpg 830w, https:\/\/anandena.fr\/wp-content\/uploads\/2024\/03\/terrace-de-yoga-230x154.jpg 230w, https:\/\/anandena.fr\/wp-content\/uploads\/2024\/03\/terrace-de-yoga-350x234.jpg 350w, https:\/\/anandena.fr\/wp-content\/uploads\/2024\/03\/terrace-de-yoga-480x321.jpg 480w\" sizes=\"auto, (max-width: 1024px) 100vw, 1024px\" \/><\/figure>\n\n\n\n<figure class=\"wp-block-image size-large\"><img loading=\"lazy\" decoding=\"async\" width=\"964\" height=\"699\" data-id=\"1975\" src=\"http:\/\/anandena.fr\/wp-content\/uploads\/2024\/03\/photo-RdC.png\" alt=\"\" class=\"wp-image-1975\" srcset=\"https:\/\/anandena.fr\/wp-content\/uploads\/2024\/03\/photo-RdC.png 964w, https:\/\/anandena.fr\/wp-content\/uploads\/2024\/03\/photo-RdC-300x218.png 300w, https:\/\/anandena.fr\/wp-content\/uploads\/2024\/03\/photo-RdC-768x557.png 768w, https:\/\/anandena.fr\/wp-content\/uploads\/2024\/03\/photo-RdC-830x602.png 830w, https:\/\/anandena.fr\/wp-content\/uploads\/2024\/03\/photo-RdC-550x400.png 550w, https:\/\/anandena.fr\/wp-content\/uploads\/2024\/03\/photo-RdC-230x167.png 230w, https:\/\/anandena.fr\/wp-content\/uploads\/2024\/03\/photo-RdC-350x254.png 350w, https:\/\/anandena.fr\/wp-content\/uploads\/2024\/03\/photo-RdC-480x348.png 480w\" sizes=\"auto, (max-width: 964px) 100vw, 964px\" \/><\/figure>\n\n\n\n<figure class=\"wp-block-image size-large\"><img loading=\"lazy\" decoding=\"async\" width=\"1024\" height=\"768\" data-id=\"1970\" src=\"http:\/\/anandena.fr\/wp-content\/uploads\/2024\/03\/salle-rdc-face-logo-1024x768.jpg\" alt=\"\" class=\"wp-image-1970\" srcset=\"https:\/\/anandena.fr\/wp-content\/uploads\/2024\/03\/salle-rdc-face-logo-1024x768.jpg 1024w, https:\/\/anandena.fr\/wp-content\/uploads\/2024\/03\/salle-rdc-face-logo-300x225.jpg 300w, https:\/\/anandena.fr\/wp-content\/uploads\/2024\/03\/salle-rdc-face-logo-768x576.jpg 768w, https:\/\/anandena.fr\/wp-content\/uploads\/2024\/03\/salle-rdc-face-logo-1536x1152.jpg 1536w, https:\/\/anandena.fr\/wp-content\/uploads\/2024\/03\/salle-rdc-face-logo-2048x1536.jpg 2048w, https:\/\/anandena.fr\/wp-content\/uploads\/2024\/03\/salle-rdc-face-logo-830x623.jpg 830w, https:\/\/anandena.fr\/wp-content\/uploads\/2024\/03\/salle-rdc-face-logo-230x173.jpg 230w, https:\/\/anandena.fr\/wp-content\/uploads\/2024\/03\/salle-rdc-face-logo-350x263.jpg 350w, https:\/\/anandena.fr\/wp-content\/uploads\/2024\/03\/salle-rdc-face-logo-480x360.jpg 480w\" sizes=\"auto, (max-width: 1024px) 100vw, 1024px\" \/><\/figure>\n\n\n\n<figure class=\"wp-block-image size-large\"><img loading=\"lazy\" decoding=\"async\" width=\"1024\" height=\"768\" data-id=\"1973\" src=\"http:\/\/anandena.fr\/wp-content\/uploads\/2024\/03\/1e-etage-7-1-1024x768.jpg\" alt=\"\" class=\"wp-image-1973\" srcset=\"https:\/\/anandena.fr\/wp-content\/uploads\/2024\/03\/1e-etage-7-1-1024x768.jpg 1024w, https:\/\/anandena.fr\/wp-content\/uploads\/2024\/03\/1e-etage-7-1-300x225.jpg 300w, https:\/\/anandena.fr\/wp-content\/uploads\/2024\/03\/1e-etage-7-1-768x576.jpg 768w, https:\/\/anandena.fr\/wp-content\/uploads\/2024\/03\/1e-etage-7-1-1536x1152.jpg 1536w, https:\/\/anandena.fr\/wp-content\/uploads\/2024\/03\/1e-etage-7-1-2048x1536.jpg 2048w, https:\/\/anandena.fr\/wp-content\/uploads\/2024\/03\/1e-etage-7-1-830x623.jpg 830w, https:\/\/anandena.fr\/wp-content\/uploads\/2024\/03\/1e-etage-7-1-230x173.jpg 230w, https:\/\/anandena.fr\/wp-content\/uploads\/2024\/03\/1e-etage-7-1-350x263.jpg 350w, https:\/\/anandena.fr\/wp-content\/uploads\/2024\/03\/1e-etage-7-1-480x360.jpg 480w\" sizes=\"auto, (max-width: 1024px) 100vw, 1024px\" \/><\/figure>\n\n\n\n<figure class=\"wp-block-image size-large\"><img loading=\"lazy\" decoding=\"async\" width=\"1024\" height=\"768\" data-id=\"1974\" src=\"http:\/\/anandena.fr\/wp-content\/uploads\/2024\/03\/1etage-2-1-1024x768.jpg\" alt=\"\" class=\"wp-image-1974\" srcset=\"https:\/\/anandena.fr\/wp-content\/uploads\/2024\/03\/1etage-2-1-1024x768.jpg 1024w, https:\/\/anandena.fr\/wp-content\/uploads\/2024\/03\/1etage-2-1-300x225.jpg 300w, https:\/\/anandena.fr\/wp-content\/uploads\/2024\/03\/1etage-2-1-768x576.jpg 768w, https:\/\/anandena.fr\/wp-content\/uploads\/2024\/03\/1etage-2-1-1536x1152.jpg 1536w, https:\/\/anandena.fr\/wp-content\/uploads\/2024\/03\/1etage-2-1-2048x1536.jpg 2048w, https:\/\/anandena.fr\/wp-content\/uploads\/2024\/03\/1etage-2-1-830x623.jpg 830w, https:\/\/anandena.fr\/wp-content\/uploads\/2024\/03\/1etage-2-1-230x173.jpg 230w, https:\/\/anandena.fr\/wp-content\/uploads\/2024\/03\/1etage-2-1-350x263.jpg 350w, https:\/\/anandena.fr\/wp-content\/uploads\/2024\/03\/1etage-2-1-480x360.jpg 480w\" sizes=\"auto, (max-width: 1024px) 100vw, 1024px\" \/><\/figure>\n<\/figure>\n\n\n\n<figure class=\"wp-block-gallery has-nested-images columns-default is-cropped wp-block-gallery-2 is-layout-flex wp-block-gallery-is-layout-flex\">\n<figure class=\"wp-block-image size-large\"><img loading=\"lazy\" decoding=\"async\" width=\"1024\" height=\"768\" data-id=\"1981\" src=\"http:\/\/anandena.fr\/wp-content\/uploads\/2024\/03\/IMG_0888-1024x768.jpg\" alt=\"\" class=\"wp-image-1981\" srcset=\"https:\/\/anandena.fr\/wp-content\/uploads\/2024\/03\/IMG_0888-1024x768.jpg 1024w, https:\/\/anandena.fr\/wp-content\/uploads\/2024\/03\/IMG_0888-300x225.jpg 300w, https:\/\/anandena.fr\/wp-content\/uploads\/2024\/03\/IMG_0888-768x576.jpg 768w, https:\/\/anandena.fr\/wp-content\/uploads\/2024\/03\/IMG_0888-1536x1152.jpg 1536w, https:\/\/anandena.fr\/wp-content\/uploads\/2024\/03\/IMG_0888-2048x1536.jpg 2048w, https:\/\/anandena.fr\/wp-content\/uploads\/2024\/03\/IMG_0888-830x623.jpg 830w, https:\/\/anandena.fr\/wp-content\/uploads\/2024\/03\/IMG_0888-230x173.jpg 230w, https:\/\/anandena.fr\/wp-content\/uploads\/2024\/03\/IMG_0888-350x263.jpg 350w, https:\/\/anandena.fr\/wp-content\/uploads\/2024\/03\/IMG_0888-480x360.jpg 480w\" sizes=\"auto, (max-width: 1024px) 100vw, 1024px\" \/><\/figure>\n\n\n\n<figure class=\"wp-block-image size-large\"><img loading=\"lazy\" decoding=\"async\" width=\"1024\" height=\"684\" data-id=\"1976\" src=\"http:\/\/anandena.fr\/wp-content\/uploads\/2024\/03\/photo-mouton-et-salle-de-yoga.jpg\" alt=\"\" class=\"wp-image-1976\" srcset=\"https:\/\/anandena.fr\/wp-content\/uploads\/2024\/03\/photo-mouton-et-salle-de-yoga.jpg 1024w, https:\/\/anandena.fr\/wp-content\/uploads\/2024\/03\/photo-mouton-et-salle-de-yoga-300x200.jpg 300w, https:\/\/anandena.fr\/wp-content\/uploads\/2024\/03\/photo-mouton-et-salle-de-yoga-768x513.jpg 768w, https:\/\/anandena.fr\/wp-content\/uploads\/2024\/03\/photo-mouton-et-salle-de-yoga-830x554.jpg 830w, https:\/\/anandena.fr\/wp-content\/uploads\/2024\/03\/photo-mouton-et-salle-de-yoga-230x154.jpg 230w, https:\/\/anandena.fr\/wp-content\/uploads\/2024\/03\/photo-mouton-et-salle-de-yoga-350x234.jpg 350w, https:\/\/anandena.fr\/wp-content\/uploads\/2024\/03\/photo-mouton-et-salle-de-yoga-480x321.jpg 480w\" sizes=\"auto, (max-width: 1024px) 100vw, 1024px\" \/><\/figure>\n\n\n\n<figure class=\"wp-block-image size-large\"><img loading=\"lazy\" decoding=\"async\" width=\"768\" height=\"1024\" data-id=\"1978\" src=\"http:\/\/anandena.fr\/wp-content\/uploads\/2024\/03\/salle-atelier-yin-768x1024.jpg\" alt=\"\" class=\"wp-image-1978\" srcset=\"https:\/\/anandena.fr\/wp-content\/uploads\/2024\/03\/salle-atelier-yin-768x1024.jpg 768w, https:\/\/anandena.fr\/wp-content\/uploads\/2024\/03\/salle-atelier-yin-225x300.jpg 225w, https:\/\/anandena.fr\/wp-content\/uploads\/2024\/03\/salle-atelier-yin-1152x1536.jpg 1152w, https:\/\/anandena.fr\/wp-content\/uploads\/2024\/03\/salle-atelier-yin-1536x2048.jpg 1536w, https:\/\/anandena.fr\/wp-content\/uploads\/2024\/03\/salle-atelier-yin-830x1107.jpg 830w, https:\/\/anandena.fr\/wp-content\/uploads\/2024\/03\/salle-atelier-yin-230x307.jpg 230w, https:\/\/anandena.fr\/wp-content\/uploads\/2024\/03\/salle-atelier-yin-350x467.jpg 350w, https:\/\/anandena.fr\/wp-content\/uploads\/2024\/03\/salle-atelier-yin-480x640.jpg 480w, https:\/\/anandena.fr\/wp-content\/uploads\/2024\/03\/salle-atelier-yin-scaled.jpg 1920w\" sizes=\"auto, (max-width: 768px) 100vw, 768px\" \/><\/figure>\n<\/figure>\n\n\n\n<figure class=\"wp-block-video\"><video height=\"1080\" style=\"aspect-ratio: 1920 \/ 1080;\" width=\"1920\" autoplay controls muted src=\"https:\/\/anandena.fr\/wp-content\/uploads\/2025\/05\/IMG_8189.mov\"><\/video><\/figure>\n\n\n\n<figure class=\"wp-block-video\"><video height=\"1080\" style=\"aspect-ratio: 1920 \/ 1080;\" width=\"1920\" controls src=\"https:\/\/anandena.fr\/wp-content\/uploads\/2025\/05\/IMG_8190.mov\"><\/video><\/figure>\n\n\n<p><iframe loading=\"lazy\" style=\"background-color: #6aabac; display: block; margin-left: auto; margin-right: auto; max-width: 100%;\" src=\"https:\/\/5ce1f2a1.sibforms.com\/serve\/MUIFAMfijWeVavZrOwlOxpV_BHRauPgqKUmASCpMEHhn844QU3kAUf4Wo-p7_AEn-mnqf0bG-lPBf3OWs1VlGNhqQOjE2hq2kyc_sHzV1ToPbi5dbjKKbY5h8fENkwQGvWt59fjREC31qOMzyySOVwkRXcH2gQFbWmHM5RY2OyxvjmxNtf4P4rrZALjLk8WjWfqNRyf5llDtYPwy\" width=\"740\" height=\"330\" frameborder=\"0\" scrolling=\"auto\" allowfullscreen=\"allowfullscreen\"><\/iframe><\/p>\n\n\n<h2 class=\"wp-block-heading\"><\/h2>\n","protected":false},"excerpt":{"rendered":"<p>ANANDENA L&#8217;exp\u00e9rience du Yoga pour tous &#8230; le studio sera ferm\u00e9 durant les jours f\u00e9ri\u00e9s de mai, \u00e0 moins que vous ayez envie d&#8217;une cours priv\u00e9 &#8211; n&#8217;h\u00e9sitez pas \u00e0 me contacter. Bienvenue sur Anandena, prenez le temps de naviguer sur les pages, et partez \u00e0 la d\u00e9couverte du style de yoga qui vous conviendrait [&hellip;]<\/p>\n","protected":false},"author":1,"featured_media":2256,"parent":0,"menu_order":0,"comment_status":"closed","ping_status":"closed","template":"page-templates\/page_front-page.php","meta":{"footnotes":""},"class_list":["post-11","page","type-page","status-publish","has-post-thumbnail","hentry"],"_links":{"self":[{"href":"https:\/\/anandena.fr\/index.php\/wp-json\/wp\/v2\/pages\/11","targetHints":{"allow":["GET"]}}],"collection":[{"href":"https:\/\/anandena.fr\/index.php\/wp-json\/wp\/v2\/pages"}],"about":[{"href":"https:\/\/anandena.fr\/index.php\/wp-json\/wp\/v2\/types\/page"}],"author":[{"embeddable":true,"href":"https:\/\/anandena.fr\/index.php\/wp-json\/wp\/v2\/users\/1"}],"replies":[{"embeddable":true,"href":"https:\/\/anandena.fr\/index.php\/wp-json\/wp\/v2\/comments?post=11"}],"version-history":[{"count":265,"href":"https:\/\/anandena.fr\/index.php\/wp-json\/wp\/v2\/pages\/11\/revisions"}],"predecessor-version":[{"id":2558,"href":"https:\/\/anandena.fr\/index.php\/wp-json\/wp\/v2\/pages\/11\/revisions\/2558"}],"wp:featuredmedia":[{"embeddable":true,"href":"https:\/\/anandena.fr\/index.php\/wp-json\/wp\/v2\/media\/2256"}],"wp:attachment":[{"href":"https:\/\/anandena.fr\/index.php\/wp-json\/wp\/v2\/media?parent=11"}],"curies":[{"name":"wp","href":"https:\/\/api.w.org\/{rel}","templated":true}]}}